{"id":29,"date":"2017-10-10T14:10:24","date_gmt":"2017-10-10T14:10:24","guid":{"rendered":"http:\/\/welton.de\/?page_id=29"},"modified":"2017-10-11T12:14:32","modified_gmt":"2017-10-11T12:14:32","slug":"overview","status":"publish","type":"page","link":"https:\/\/welton.de\/","title":{"rendered":"Overview"},"content":{"rendered":"<div id=\"page\" class=\"site\">\n<div class=\"site-content-contain\">\n<div id=\"content\" class=\"site-content\">\n<div class=\"wrap\">\n<div id=\"primary\" class=\"content-area\">\n<article id=\"post-1\" class=\"post-1 post type-post status-publish format-standard hentry category-uncategorized\">\n<div class=\"entry-content\">\n<h3><strong>Systems consultant with over 35 years of cross-platform systems programming, analysis, development and project skills<\/strong><\/h3>\n<p>Possessing a strong business and IT understanding coupled with excellent organisational skills, I have successfully helped to plan and implement multiple projects on different platforms and different operating systems.\u00a0 My understanding and early identification of potential problems stems from the many years of working with various different systems and using the knowledge that I have learnt and then being able to utilise it.<\/p>\n<h4><strong>IBM MVS, OS\/390 and z\/OS Operating Systems \u2013 35 years<\/strong><\/h4>\n<ul>\n<li>Includes most components of the operating system, i.e. JES2, TSO\/ISPF, JCL, VTAM, TCP\/IP, programming languages, program compilers, various tools, etc<\/li>\n<li>Includes various IBM and ISV applications, i.e. DB2, WebSphere, Tivoli products, CA products, BMC products, etc.<\/li>\n<\/ul>\n<h4><strong>IBM VM and z\/VM Operating Systems \u2013 30 years<\/strong><\/h4>\n<ul>\n<li>Includes most components of the operating system, i.e. CMS, VTAM, TCP\/IP, RSCS, VMSES, REXX, SFS, Pipelines, etc.<\/li>\n<li>Includes various IBM and ISV applications, i.e. DB2, CA products, etc. Also Linux on z running both as a guest or in a native LPAR<\/li>\n<\/ul>\n<h4><strong>Desktop and Client Server Operating Systems \u2013 30 years<\/strong><\/h4>\n<ul>\n<li>Includes desktop and C\/S operating systems such as Microsoft Windows, Unix, various Linux distributions including RedHat, Debian and SuSE Linux, AIX, OS\/2, etc.<\/li>\n<li>Includes applications such as Microsoft Office, Lotus Notes, Tivoli products, IBM Rational products, DB2, WebSphere, Open Source applications, etc.<\/li>\n<\/ul>\n<p>I have also used over the last 35 years numerous corporate server products primarily for system automation or management, corporate database products and tools and networking protocols and tools. Along with these products I have also worked with different flavours of Unix and Linux with most of the common desktop applications. I also possess a good understanding of the Internet and the tools needed to maximise its potential.<\/p>\n<hr \/>\n<h6>Deutsch<\/h6>\n<h3><strong>Systemberater mit \u00fcber 35 Jahren Multi-Plattform Systemprogrammierung, Analyse, Entwicklung und Projektf\u00e4higkeiten<\/strong><\/h3>\n<p>Ich besitze ein gutes Verst\u00e4ndnis der Integration von IT innerhalb eines betrieblichen Umfelds, verbunden mit ausgezeichneten organisatorischen F\u00e4higkeiten. Ich habe erfolgreich geholfen verschiedene Projekte auf unterschiedlichen Plattformen und Betriebssystemen zu planen und zu realisieren. Mein Verst\u00e4ndnis und fr\u00fche Ermittlung m\u00f6glicher Probleme stammt aus vielen Jahre des Arbeitens mit unterschiedlichen Systemen. Ich bin au\u00dferdem in der Lage\u00a0 das Wissen, dass ich in den Jahren meine Berufst\u00e4tigkeit erlernt habe auch dementsprechend zu verwenden.<\/p>\n<h4><strong>IBM MVS, OS\/390 und z\/OS Betriebssystem \u2013 35 Jahre<\/strong><\/h4>\n<ul>\n<li>Einschlie\u00dflich Komponenten des Betriebssystems, z.B. JES2, TSO\/ISPF, REXX, JCL, VTAM, TCP\/IP, program compilers, various tools, usw.<\/li>\n<li>Einschlie\u00dflich IBM und ISV Anwendungen, z.B. DB2, WAS, Tivoli products, CA products, BMC products, usw.<\/li>\n<\/ul>\n<h4><strong>IBM VM, z\/VM und zLinux Operating Systems \u2013 30 Jahre<\/strong><\/h4>\n<ul>\n<li>Einschlie\u00dflich Komponenten des Betriebssystems, z.B. CMS, VTAM, TCP\/IP, RSCS, REXX, SFS, Pipelines, SQL, usw.<\/li>\n<li>Einschlie\u00dflich IBM und ISV Anwendungen, z.B. DB2, CA products, usw. Linux on z als gast oder native LPAR<\/li>\n<\/ul>\n<h4><strong>Desktop and Client Server Operating Systems \u2013 30 Jahre<\/strong><\/h4>\n<ul>\n<li>Einschlie\u00dflich Desktop und C\/S Betriebsysteme wie Microsoft Windows,\u00a0\u00a0 Unixe, verschiedene Linux distros, AIX, OS\/2, usw.<\/li>\n<li>Einschlie\u00dflich Desktop Anwendungen wie Microsoft Office, Lotus Notes, Tivoli products, IBM Rational products, DB2, WAS, Open Source applications, usw.<\/li>\n<\/ul>\n<p>In den letzten 35 Jahren habe ich au\u00dferdem zahlreiche Software Produkte haupts\u00e4chlich f\u00e4r Systemautomatisierung oder -Management, Datenbank-Produkte und -werkzeuge und Netzwerk-Protokolle und -werkzeuge verwendet. Zusammen mit diesen Produkten habe ich auch mit unterschiedlichen Versionen von Unix und Windows und den meisten allgemeinen Desktop Anwendungen gearbeitet. Au\u00dferdem besitze ich ein gutes Verst\u00e4ndnis des Internets und der Werkzeuge, die ben\u00f6tigt werden, um sein Potential zu maximieren.<\/p>\n<hr \/>\n<p>Contact: <a href=\"mailto:business@welton.de\">Sebastian Welton<\/a><\/p>\n<\/div>\n<\/article>\n<\/div>\n<\/div>\n<\/div>\n<\/div>\n<\/div>\n","protected":false},"excerpt":{"rendered":"<p>Systems consultant with over 35 years of cross-platform systems programming, analysis, development and project skills Possessing a strong business and IT understanding coupled with excellent organisational skills, I have successfully helped to plan and implement multiple projects on different platforms and different operating systems.\u00a0 My understanding and early identification of potential problems stems from the &hellip; <\/p>\n<p class=\"link-more\"><a href=\"https:\/\/welton.de\/\" class=\"more-link\">Continue reading<span class=\"screen-reader-text\"> &#8220;Overview&#8221;<\/span><\/a><\/p>\n","protected":false},"author":1,"featured_media":0,"parent":0,"menu_order":0,"comment_status":"closed","ping_status":"closed","template":"","meta":[],"_links":{"self":[{"href":"https:\/\/welton.de\/index.php?rest_route=\/wp\/v2\/pages\/29"}],"collection":[{"href":"https:\/\/welton.de\/index.php?rest_route=\/wp\/v2\/pages"}],"about":[{"href":"https:\/\/welton.de\/index.php?rest_route=\/wp\/v2\/types\/page"}],"author":[{"embeddable":true,"href":"https:\/\/welton.de\/index.php?rest_route=\/wp\/v2\/users\/1"}],"replies":[{"embeddable":true,"href":"https:\/\/welton.de\/index.php?rest_route=%2Fwp%2Fv2%2Fcomments&post=29"}],"version-history":[{"count":2,"href":"https:\/\/welton.de\/index.php?rest_route=\/wp\/v2\/pages\/29\/revisions"}],"predecessor-version":[{"id":60,"href":"https:\/\/welton.de\/index.php?rest_route=\/wp\/v2\/pages\/29\/revisions\/60"}],"wp:attachment":[{"href":"https:\/\/welton.de\/index.php?rest_route=%2Fwp%2Fv2%2Fmedia&parent=29"}],"curies":[{"name":"wp","href":"https:\/\/api.w.org\/{rel}","templated":true}]}}