{"id":23,"date":"2017-10-10T11:39:44","date_gmt":"2017-10-10T11:39:44","guid":{"rendered":"http:\/\/welton.de\/?page_id=23"},"modified":"2017-10-10T14:59:26","modified_gmt":"2017-10-10T14:59:26","slug":"projects-deutsch","status":"publish","type":"page","link":"https:\/\/welton.de\/?page_id=23","title":{"rendered":"Projects &#8211; Deutsch"},"content":{"rendered":"<h4>Performance Analyst, Entwickler und Support &#8211; Software und Hardware Hersteller. Deutschland. 2015 &#8211; 2017<\/h4>\n<p><em>Linux for z (SLES and RHEL), Linux for x86 (SLES and RHEL), Various Opensource Products (i.e. MariaDB, LAMP, etc.), z\/VM, IBM z Series Systems (z14, z13, EC12), DB2 LUW, DashDB, usw.<\/em><\/p>\n<ul>\n<li>Aufsetzen und Konfigurieren von Linux Systemen die in System z LPARS, unter z\/VM, auf x86 Servern und unter KVM laufen<\/li>\n<li>Installieren von Workloads (z.B. Apache TomEE, DB2 BLU, MariaDB, LAMP Stack, usw.) auf dem aufgesetzten Linux Systemen zur Durchf\u00fchrung von Performance-Messungen<\/li>\n<li>D\u00fcrchfuhren von Performance-Tests und \u2013Messungen f\u00fcr die installierten Workloads<\/li>\n<li>Tuning der Linux Systeme und Workloads zur Optimierung der Performance Ergebnisse<\/li>\n<\/ul>\n<h4>Managing Director for EMEA Support &#8211; Software und Hardware Hersteller (zSystems, Linux and Cloud). 2015 &#8211;<\/h4>\n<p><em>OpenSUSE Linux, Redhat Linux,zPDT (z1090), Rational Developer and Tester for z (zD&amp;T, RD&amp;T, z1091), System ReDD, z\/OS, z\/VM, z\/VSE, Linux for z<\/em><\/p>\n<ul>\n<li>Sollte es erforderlich sein, unterst\u00fctze ich die weltweiten Kunden von ITC (Information Technology Company). ITC stellt kleine z Systeme f\u00fcr Firmen her, die IBM Mainframe kompatible Systeme brauchen. Die Systeme, uPDT und System ReDD genannt, haben Linux Basisbetriebssystem und zPDT als Software-Emulation, um Mainframe-Betriebssysteme auf dieser Hardware Platform oder in der Cloud funktionieren zu lassen.\n<ul>\n<li>Installieren und zusammenstellen der Hardware auf IBM xSeries servers<\/li>\n<li>Installieren und anpassen von SUSE Linux und\/oder Redhat Linux<\/li>\n<li>Installieren und ver\u00e4ndern von zPDT nach Wunsch das Kunden<\/li>\n<li>Installieren und anpassen von zSeries<\/li>\n<li>Presentationen auf User Konferenzen<\/li>\n<li>Schulung f\u00fcr unsere Business Partners und Kunden<\/li>\n<\/ul>\n<\/li>\n<\/ul>\n<h4>Software Trainer \u2013 Rentenversicherung. Deutschland, 2016<\/h4>\n<ul>\n<li>Schulung in folgenden Themen:\n<ul>\n<li>Einf\u00fchrung in \u201aLinux on z\u2018<\/li>\n<li>Einf\u00fchrung in \u201aTSO and ISPF\/PDF\u2018<\/li>\n<li>Einf\u00fchrung in \u201aOmegamon for DB2 Performance Expert\u2019<\/li>\n<\/ul>\n<\/li>\n<\/ul>\n<h4>Berater &#8211; Versicherung. Deutschland, 2010 &#8211; 2015<\/h4>\n<p><em>z\/OS, Omegamon f\u00fcr z\/OS, DB2, IMS und CICS, ITM, Tivoli System Automation, NetView<\/em><\/p>\n<ul>\n<li>Unterst\u00fctzung aller dort genutzten Omegamon Produkte &#8211; z\/OS, DB2, CICS and IMS: Installation und Konfiguration, \u00dcberwachung und Troubleshooting<\/li>\n<li>Unterst\u00fctzung f\u00fcr Tivoli Enterprise Monitoring unter z\/OS: Installation und Konfiguration mit Entwicklung von monitoring situations<\/li>\n<li>Entwicklung von monitoring solutions f\u00fcr Anwendungen, z. B. JES2, MQSeries und NetView Subsysteme mit TEMS, NetView und ITM, IP Monitoring mit NetView<\/li>\n<li>Bereitstellung technischer Unterst\u00fctzung bei der Installation eines GDPS Systems: Konfiguration und Anpassung von Tivoli System Automation und NetView f\u00fcr z\/OS<\/li>\n<li>Unterst\u00fctzung des Systemprogrammierungs Teams<\/li>\n<li>Installieren und konfigurieren von IBM Tivoli License Metric Tool auf verschiedenen Betriebssystemen (Windows mit Hyper-V, AIX und Linux)<\/li>\n<\/ul>\n<h4>Berater &#8211; Industrie. Schweiz, 2010-2011<\/h4>\n<p><em>IBM Tivoli License Metric Tool, Windows 2003, Redhat Linux, VMWare ESX Server, AIX<\/em><\/p>\n<ul>\n<li>Bereitstellung technischer Unterst\u00fctzung f\u00fcr die Installation und konfigurieren von IBM Tivoli License Metric Tool auf verschiedenen Betriebssystemen<\/li>\n<\/ul>\n<h4>Berater &#8211; Versicherung. Deutschland, 2010-2011<\/h4>\n<p><em>z\/OS, DFSMS, Rexx<\/em><\/p>\n<ul>\n<li>Unterst\u00fctzen der Migration einer Virtual Tape Library (VTS), 3494-B10 zu einem TS7740 \u00fcber 3 sysplexes<\/li>\n<li>Analysieren der bestehenden VTS und die Migration f\u00fcr alle Datentypen planen (z.B. DFSMSdfp, DFSMShsm, DB2, IMS, usw)<\/li>\n<li>Entwerfen und kodieren einer automatisierten Migration Anwendung f\u00fcr alle Daten und B\u00e4nder in REXX<\/li>\n<\/ul>\n<h4>Berater &#8211; Industrie. Deutschland, 2009<\/h4>\n<p><em>IBM Tivoli License Metric Tool, Windows 2003SP2, SuSE Linux, VMWare ESX Server<\/em><\/p>\n<ul>\n<li>Bereitstellung technischer Unterst\u00fctzung f\u00fcr die Installation und konfigurieren von IBM Tivoli License Metric Tool auf verschiedenen Betriebssystemen<\/li>\n<\/ul>\n<h4>WebSphere Technical Support &#8211; Beh\u00f6rde. Deutschland, 2009<\/h4>\n<p><em>WebSphere Application, Portal und Process Server, Debian und SuSE Linux for zSeries, z\/VM, IBM Tivoli License Metric Tool<\/em><\/p>\n<ul>\n<li>Bereitstellung technischer Unterst\u00fctzung f\u00fcr die Installation von Websphere unter Debian Linux f\u00fcr zSeries<\/li>\n<li>Installieren und konfigurieren verschiedener Versionen von Websphere (z.B. security, deployment of applications, usw.)<\/li>\n<li>\u00dcberwachungen und tunen aller Versionen von Websphere<\/li>\n<li>Installieren und konfigurieren von Tivoli License Metric Tool (zLinux und AIX)<\/li>\n<li>Unterst\u00fctzung bei der Installation und Konfiguration von Linux f\u00fcr zSeries<\/li>\n<li>Installieren und konfigurieren von TSM f\u00fcr zLinux<\/li>\n<\/ul>\n<h4>Software Tester, Entwickler und Support &#8211; Software und Hardware Hersteller.\u00a0\u00a0 Deutschland, 2007-2008<\/h4>\n<p><em>z\/OS, GDPS, Linux for zSeries and Intel (SLES9 and 10, RHEL4 and 5), Microsoft Windows XP, Vista, Windows Server 2003 and 2008, CCMDB, TADDM, BCPM, SA IOM, System Automation, NetView, ITIC, Omegamon, ITM, TEPS, TEMS, IOOPS<\/em><\/p>\n<ul>\n<li>Bereitstellung von Test, Entwicklung und Infrastruktur Unterst\u00fctzung f\u00fcr einige Projekte<\/li>\n<\/ul>\n<p><strong>Projekt: System Automation for Integrated Operations Management<\/strong><\/p>\n<ul>\n<li style=\"list-style-type: none;\">\n<ul>\n<li>Festlegen und Entwickeln von SVT (System Verification Test) Test Cases<\/li>\n<li>Testumfeld entwickeln (Hardware und Software)<\/li>\n<li>Entwickeln eines Regression Test Bucket und ausf\u00fchren aller Regression Tests f\u00fcr Fixpacks<\/li>\n<li>3 rd Line Support zur Verf\u00fcgung stellen<\/li>\n<\/ul>\n<\/li>\n<\/ul>\n<p><strong>Projekt: System Automation for I\/O Operations<\/strong><\/p>\n<ul>\n<li style=\"list-style-type: none;\">\n<ul>\n<li>Festlegen und Entwickeln von SVT Test Cases<\/li>\n<li>Testumfeld entwickeln (Hardware und Software)<\/li>\n<li>SVT auf neuer Version von IOOPS ausf\u00fchren<\/li>\n<li>Testen von APARs f\u00fcr IOOPS ( z.B. CSA Key 8)<\/li>\n<\/ul>\n<\/li>\n<\/ul>\n<p><strong>Projekt: Business Continuity Process Manager<\/strong><\/p>\n<ul>\n<li style=\"list-style-type: none;\">\n<ul>\n<li>Festlegen und Entwickeln von SVT, CVT, FVT und IVT Test Cases<\/li>\n<li>Testumgebung aufbauen (Hardware und Software)<\/li>\n<li>Installieren und konfigurieren von GDPS, System Automation, NetView, Tivoli Monitoring und Omegmon auf z\/OS und Installieren und konfigurieren der Middleware (DB2, Oracle, LDAP, Websphere Application Server) CCMDB, TADDM, ITIC und BCPM auf Linux f\u00fcr zSeries und auf Windows und Linux f\u00fcr Intel (VMWare ESXi Server und andere Server)<\/li>\n<li>Input zu neuen Funktionalit\u00e4ten an Entwickler und Architekten<\/li>\n<li>Training f\u00fcr internes Verkaufs- und Support Personal<\/li>\n<\/ul>\n<\/li>\n<li>Unterst\u00fctzung anderer Abteilungen f\u00fcr verschiedene Software Produkte (CCMDB, TADDM, ITIC, DLAs, usw.)<\/li>\n<li>Installieren und konfigurieren von verschiedene Rational Produkte<\/li>\n<li>Installieren, konfigurieren und unterst\u00fctzung von mehere zPDT Systeme (mit z\/OS, z\/VM, z\/VSE und Linux for z)<\/li>\n<\/ul>\n<h4>IBM zSeries Technical Solutions Consultant &#8211; Hardware und Software Hersteller (Mainframe Emulation) &#8211; USA und EMEA, 2003-2009<\/h4>\n<p><em>SCO Unixware und Openunix, SuSE Linux, Redhat Linux, Fundamental Software FLEX-ES, z\/OS, OS\/390, z\/VM, VM\/ESA, VSE, Linux for zSeries<\/em><\/p>\n<h4>zOS und DB2 Systemprogrammierung &#8211; Schwermaschinenbauer. Deutschland, 2003-2005<\/h4>\n<p><em>OS\/390, z\/OS, DB2\/UDB, z\/VM, Linux\/390, REXX, TCP\/IP, TSO, JES2, SMP\/E, RMF, ISPF, DB2 Performance Monitor, DB2 Control Centre, etc.<\/em><\/p>\n<h4>OS\/390, VM und Linux\/390 Systemprogrammierung und technische Unterst\u00fctzung &#8211; Auto Hersteller. Deutschland, 2003<\/h4>\n<p><em>OS\/390, VM, Linux\/390, JES3, DB2, CICS, IMS, VSAM, REXX, TCP\/IP, VTAM, Omegamon, Netview, etc.<\/em><\/p>\n<h4>OS\/390 System Entwickler und Technische Unterst\u00fctzung &#8211; Kreditkarten Processing-Dienstleister. Deutschland, 2001-2002<\/h4>\n<p><em>OS\/390, TSO, ISPF, REXX, COBOL, DB2, Install\/1, etc.<\/em><\/p>\n<h4>Mainframe Berater &#8211; Hardware und Software Hersteller (Mainframe Emulation), Deutschland, 2001<\/h4>\n<p><em>OS\/390, VM, Linux\/390, Windows<\/em><\/p>\n<h4>S\/390 DB2 Technischer Spezialist &#8211; Software Hersteller. Deutschland, 2001<\/h4>\n<p><em>OS\/390, DB2 UDB<\/em><\/p>\n<h4>VM Systemsprogrammier &#8211; Software Hersteller. Niederland, 2001<\/h4>\n<p><em>VM\/ESA, VM:Webgateway, REXX, HTML, etc.<\/em><\/p>\n<h4>APPC Programmentwickler &#8211; Software Hersteller. Deutschland, 2001<\/h4>\n<p><em>Microsoft Windows NT Server (SNA Server), Microsoft Windows Developer Studio, C, APPC LU6.2 (CPI-C), etc.<\/em><\/p>\n<h4>Host Systemsprogrammier &#8211; Software Beratung. USA und Deutschland, 1999-2001<\/h4>\n<p><em>VM\/ESA, TCP\/IP, SQL\/DS (DB2), VM:Manager, VM:DB, RSCS, VTAM, OS\/390, TSO, ISPF, DB2, REXX, VSAM, SDSF, RACF, JCL, SMP\/E, FTAM, RVS, OpenFT, etc.<\/em><\/p>\n<ul>\n<li><strong>Projekt: VM Systemsprogrammierer \u2013 Bank<\/strong><\/li>\n<li><strong>Projekt: OS\/390 Systemsprogrammierer \u2013 Bank<\/strong><\/li>\n<li><strong>Projekt: Netzwerk Systemprogrammierungsunterst\u00fctzung \u2013 Bank <\/strong><\/li>\n<\/ul>\n<h4>FTAM Administrator &#8211; Telekommunikation. England und Deutschland, 2000<\/h4>\n<p><em>Microsoft Windows NT, FTAM, Telebill t-elmi-e, Borland BDE, ISDN card and support, etc.<\/em><\/p>\n<h4>VM Systemprogrammierer &#8211; Touristik Branche. Deutschland, 1999<\/h4>\n<p><em>VM\/ESA, VM:Manager, TCP\/IP, ADSM, RSCS, OfficeVision, Lotus Notes, REXX, VM:Webgateway, etc.<\/em><\/p>\n<h4>Systemberater &#8211; Software Hersteller. Deutschland, 1998-1999<\/h4>\n<p><em>VM\/ESA, VM:Manager Suite, REXX, VM:Webgateway, etc.<\/em><\/p>\n<h4>Host Systemsprogrammier &#8211; Software Beratung. Deutschland, 1996-1998<\/h4>\n<p><em>MVS, OS\/390, COBOL, REXX, DB2, TSO, ISPF, JCL, Xpeditor, VM\/ESA, VM:DB, VM:Manager, SQL\/DS, VTAM, RSCS, OfficeVision, SoftSwitch, ISPF, Lotus Notes<\/em><\/p>\n<p><strong>Projekt: VM Systemsprogrammierer \u2013 Bank<\/strong><\/p>\n<p><strong>Projekt: MVS Programmentwickler (Projektleiter) \u2013 Bank<\/strong><\/p>\n<h4>Automation Analyst. Dienstleister (ESA\/ESOC). Deutschland, 1989-1996<\/h4>\n<p><em>VM\/ESA (also VM\/XA and VM\/SP), VM:Manager, VTAM, REXX, RSCS, OfficeVision, ISPF, Lotus Notes, MVS, JCL, AS, Oracle, AF\/Operator, AF\/Remote, SOLVE, etc.<\/em><\/p>\n<h4>Operations Berater &#8211; Behorde. England, 1988-1989<\/h4>\n<p><em>MVS, CA-1, Infoman, JCL, TSO, etc.<\/em><\/p>\n<h4>Schichtleiter &#8211; Einzelhandel. England, 1988<\/h4>\n<p><em>MVS\/XA and MVS\/ESA<\/em><\/p>\n<h4>Schichtleiter &#8211; R\u00fcckversicherung. England, 1988<\/h4>\n<p><em>VM\/XA and MVS\/XA<\/em><\/p>\n<h4>Senior Operator und Schichtleiter &#8211; Finanzdienstleister. England, 1987<\/h4>\n<p><em>MVS\/XA and MVS\/ESA<\/em><\/p>\n<h4>Operator, Senior Operator und Schichtleiter &#8211; Industrie. England, 1981-1987<\/h4>\n<p><em>OS\/VS1, MVS\/SP and MVS\/XA<\/em><\/p>\n","protected":false},"excerpt":{"rendered":"<p>Performance Analyst, Entwickler und Support &#8211; Software und Hardware Hersteller. Deutschland. 2015 &#8211; 2017 Linux for z (SLES and RHEL), Linux for x86 (SLES and RHEL), Various Opensource Products (i.e. MariaDB, LAMP, etc.), z\/VM, IBM z Series Systems (z14, z13, EC12), DB2 LUW, DashDB, usw. Aufsetzen und Konfigurieren von Linux Systemen die in System z &hellip; <\/p>\n<p class=\"link-more\"><a href=\"https:\/\/welton.de\/?page_id=23\" class=\"more-link\">Continue reading<span class=\"screen-reader-text\"> &#8220;Projects &#8211; Deutsch&#8221;<\/span><\/a><\/p>\n","protected":false},"author":1,"featured_media":0,"parent":0,"menu_order":0,"comment_status":"closed","ping_status":"closed","template":"","meta":[],"_links":{"self":[{"href":"https:\/\/welton.de\/index.php?rest_route=\/wp\/v2\/pages\/23"}],"collection":[{"href":"https:\/\/welton.de\/index.php?rest_route=\/wp\/v2\/pages"}],"about":[{"href":"https:\/\/welton.de\/index.php?rest_route=\/wp\/v2\/types\/page"}],"author":[{"embeddable":true,"href":"https:\/\/welton.de\/index.php?rest_route=\/wp\/v2\/users\/1"}],"replies":[{"embeddable":true,"href":"https:\/\/welton.de\/index.php?rest_route=%2Fwp%2Fv2%2Fcomments&post=23"}],"version-history":[{"count":3,"href":"https:\/\/welton.de\/index.php?rest_route=\/wp\/v2\/pages\/23\/revisions"}],"predecessor-version":[{"id":42,"href":"https:\/\/welton.de\/index.php?rest_route=\/wp\/v2\/pages\/23\/revisions\/42"}],"wp:attachment":[{"href":"https:\/\/welton.de\/index.php?rest_route=%2Fwp%2Fv2%2Fmedia&parent=23"}],"curies":[{"name":"wp","href":"https:\/\/api.w.org\/{rel}","templated":true}]}}